{"id":197,"date":"2020-12-24T12:02:00","date_gmt":"2020-12-24T11:02:00","guid":{"rendered":"http:\/\/www.cbradio-carlos.com\/?page_id=197"},"modified":"2020-12-24T12:05:21","modified_gmt":"2020-12-24T11:05:21","slug":"cb-radio-jak-wybieramy","status":"publish","type":"page","link":"http:\/\/www.cbradio-carlos.com\/?page_id=197","title":{"rendered":"CB Radio &#8211; jak wybieramy?"},"content":{"rendered":"\t\t<div data-elementor-type=\"wp-page\" data-elementor-id=\"197\" class=\"elementor elementor-197\" data-elementor-settings=\"[]\">\n\t\t\t\t\t\t<div class=\"elementor-inner\">\n\t\t\t\t\t\t\t<div class=\"elementor-section-wrap\">\n\t\t\t\t\t\t\t<section class=\"elementor-section elementor-top-section elementor-element elementor-element-14c02e34 elementor-section-boxed elementor-section-height-default elementor-section-height-default\" data-id=\"14c02e34\" data-element_type=\"section\">\n\t\t\t\t\t\t<div class=\"elementor-container elementor-column-gap-default\">\n\t\t\t\t\t\t\t<div class=\"elementor-row\">\n\t\t\t\t\t<div class=\"elementor-column elementor-col-100 elementor-top-column elementor-element elementor-element-44b95d8f\" data-id=\"44b95d8f\" data-element_type=\"column\">\n\t\t\t<div class=\"elementor-column-wrap elementor-element-populated\">\n\t\t\t\t\t\t\t<div class=\"elementor-widget-wrap\">\n\t\t\t\t\t\t<div class=\"elementor-element elementor-element-61b1690d elementor-widget elementor-widget-text-editor\" data-id=\"61b1690d\" data-element_type=\"widget\" data-widget_type=\"text-editor.default\">\n\t\t\t\t<div class=\"elementor-widget-container\">\n\t\t\t\t\t<div class=\"elementor-text-editor elementor-clearfix\"><p><!-- wp:paragraph --><\/p>\n<p>Aby prawid\u0142owo dobra\u0107 &#8220;zestaw CB&#8221; nale\u017cy postara\u0107 si\u0119 zrozumie\u0107 zasad\u0119 pracy w poje\u017adzie. Zestaw taki to:<\/p>\n<p><!-- \/wp:paragraph --><\/p>\n<p><!-- wp:paragraph {\"align\":\"center\"} --><\/p>\n<p class=\"has-text-align-center\"><strong>transceiver (radio cb) + \u00a0antena + \u00a0samoch\u00f3d!!!<\/strong><\/p>\n<p><!-- \/wp:paragraph --><\/p>\n<p><!-- wp:paragraph --><\/p>\n<p>Szczeg\u00f3lnie k\u0142adziemy nacisk na &#8220;<strong>samoch\u00f3d<\/strong>&#8220;. Nieraz przed zakupem klienci przegl\u0105daj\u0105 fora staraj\u0105c dowiedzie\u0107 si\u0119 jakie modele anten i radii s\u0105 polecane . Na pytanie czy model \u00a0<strong>XYZ<\/strong> jest <strong>dobry<\/strong> &#8211; jedni polecaj\u0105 a inni przestrzegaj\u0105 opisuj\u0105c przyczyny niezadowolenia z pracy radiotelefonu. Co jest przyczyn\u0105 rozbie\u017cno\u015bci?<\/p>\n<p><!-- \/wp:paragraph --><\/p>\n<p><!-- wp:heading {\"level\":4} --><\/p>\n<h4><strong>Zasada 1:<\/strong> poprawno\u015b\u0107 pracy anteny zale\u017cy od poprawnego doboru jej do dachu samochodu<\/h4>\n<div>\u00a0<\/div>\n<p><!-- \/wp:heading --><\/p>\n<p><!-- wp:paragraph --><\/p>\n<p>(dotyczy anten na uchwytach magnetycznych). Ta sama antena b\u0119dzie inaczej pracowa\u0107 na r\u00f3\u017cnych samochodach<br \/>&#8211; \u00a0b\u0119dzie lepiej lub gorzej osi\u0105ga\u0107 punkt rezonansu.<br \/>Dlatego jest bardzo wa\u017cne aby dobiera\u0107 anten\u0119 na samochodzie na kt\u00f3rym b\u0119dzie pracowa\u0107!<\/p>\n<p><!-- \/wp:paragraph --><\/p>\n<p><!-- wp:paragraph --><\/p>\n<p><strong>Rol\u0105 klienta jest:\u00a0<\/strong><\/p>\n<p><!-- \/wp:paragraph --><\/p>\n<p><!-- wp:list --><\/p>\n<ul>\n<li>wyb\u00f3r anteny kieruj\u0105c si\u0119 wygl\u0105dem, d\u0142ugo\u015bci\u0105 (od niej zale\u017cy zasi\u0119g komunikacyjny anteny) oraz cen\u0105<\/li>\n<\/ul>\n<p><!-- \/wp:list --><\/p>\n<p><!-- wp:paragraph --><\/p>\n<p><strong>Nasz\u0105 rol\u0105 jest:<\/strong><\/p>\n<p><!-- \/wp:paragraph --><\/p>\n<p><!-- wp:list --><\/p>\n<ul>\n<li>sprawdzi\u0107 czy wskazane anteny osi\u0105gn\u0105 poprawny rezonans. Pomiarem jest wykres g\u0142\u0119boko\u015bci rezonansu.<\/li>\n<li>Po wybraniu anteny dokonuje si\u0119 jej strojenia , a po okresie 3 &#8211; miesiecy zapraszamy na bezp\u0142atne sprawdzenie\u00a0zestawu i \u00a0ewentualne korekty strojenia.<\/li>\n<\/ul>\n<p><!-- \/wp:list --><\/p>\n<p><!-- wp:paragraph --><\/p>\n<p><!-- \/wp:paragraph --><\/p>\n<p><!-- wp:heading {\"level\":5} --><\/p>\n<h5><strong>\u00a0<\/strong><\/h5>\n<h5><strong>Podsumowuj\u0105c:<\/strong><\/h5>\n<p><!-- \/wp:heading --><\/p>\n<p><!-- wp:list {\"ordered\":true} --><\/p>\n<ol>\n<li><strong>anteny nie stroi si\u0119 do cb radia lecz do karoserii samochodu !<\/strong><\/li>\n<li><strong>jako\u015b\u0107 pracy obwodu rezonansowego jakim jest antena nie zale\u017cy od ceny anteny !<\/strong><\/li>\n<li><strong>poprawn\u0105 prac\u0119 zapewnia wy\u0142\u0105cznie poprawne dobranie przed zakupem \u00a0!<\/strong><\/li>\n<\/ol>\n<p><!-- \/wp:list --><\/p>\n<p><!-- wp:paragraph --><\/p>\n<p><!-- \/wp:paragraph --><\/p>\n<p><!-- wp:paragraph --><\/p>\n<p><!-- \/wp:paragraph --><\/p>\n<p><!-- wp:heading {\"level\":4} --><\/p>\n<h4><strong>\u00a0<\/strong><\/h4>\n<h4><strong>\u00a0<\/strong><\/h4>\n<h4><strong>Zasada 2<\/strong>: w ka\u017cdym \u00a0poje\u017adzie \u00a0po uruchomieniu silnika emitowane s\u0105 zak\u0142\u00f3cenia widoczne na ekranie\u00a0wobuloskopu w formie pik\u00f3w \u00a0r\u00f3\u017cnej warto\u015bci w funkcji cz\u0119stotliwo\u015bci. Zale\u017cnie od modelu, wyposa\u017cenia,\u00a0stanu technicznego &#8211; wielko\u015bci tych emisji niepo\u017c\u0105danych o r\u00f3\u017cnych cz\u0119stotliwo\u015bciach jest niepowtarzalna\u00a0&#8211; inna w ka\u017cdym poje\u017adzie.<\/h4>\n<p><!-- \/wp:heading --><\/p>\n<p><!-- wp:paragraph --><\/p>\n<p>Radio CB \u00a0&#8211; odbiornik i nadajnik w jednym &#8211; zbudowany jest miedzy innymi z uk\u0142ad\u00f3w, obwod\u00f3w strojonych,\u00a0filtr\u00f3w i d\u0142awik\u00f3w, kt\u00f3re b\u0119d\u0105c elementami LC \u00a0posiadaj\u0105 swoje cz\u0119stotliwo\u015bci rezonansowe. Je\u015bli w momencie\u00a0za\u0142\u0105czenia zasilania instalacji i po uruchomieniu silnika &#8211; zak\u0142\u00f3cenia o cz\u0119stotliwo\u015bciach wyst\u0119puj\u0105cych w\u00a0torach radiotelefon\u00f3w pokryj\u0105 si\u0119 &#8211; to te uk\u0142ady nie b\u0119d\u0105 pracowa\u0107 poprawnie .<\/p>\n<p><!-- \/wp:paragraph --><\/p>\n<p><!-- wp:paragraph --><\/p>\n<p><strong>Oznacza to, \u017ce:\u00a0<\/strong>je\u015bli zak\u0142\u00f3cony obw\u00f3d jest w torze audio, to bez potrzeby u\u017cycia przyrz\u0105d\u00f3w u\u017cytkownik\u00a0us\u0142yszy zak\u0142\u00f3cenia z g\u0142o\u015bnika .<\/p>\n<p><!-- \/wp:paragraph --><\/p>\n<p><!-- wp:paragraph --><\/p>\n<p>NIE US\u0141YSZY jednak zak\u0142\u00f3cenia pracy np. stopni wzmacniaczy odbiornika, modulatora, ASC itd.<\/p>\n<p><!-- \/wp:paragraph --><\/p>\n<p><!-- wp:paragraph --><\/p>\n<p>Takie zak\u0142\u00f3cenie pracy objawi si\u0119 np. zmniejszenie czu\u0142o\u015bci odbiornika czyli,<\/p>\n<p><!-- \/wp:paragraph --><\/p>\n<p><!-- wp:list --><\/p>\n<ul>\n<li>silnik wy\u0142\u0105czony &#8211; zasi\u0119g komunikacyjny 6 km<\/li>\n<li>w\u0142\u0105czamy silnik i korespondencja ko\u0144czy si\u0119 na 2 km !<\/li>\n<\/ul>\n<p><!-- \/wp:list --><\/p>\n<p><!-- wp:paragraph --><\/p>\n<p><strong>\u00a0<\/strong><\/p>\n<h3><strong>W naszej firmie po wybraniu \u00a0anteny i jej dostrojeniu nastepuje 2 etap &#8211; wyb\u00f3r radia CB.<\/strong><\/h3>\n<p><!-- \/wp:paragraph --><\/p>\n<p><!-- wp:paragraph --><\/p>\n<p>Klient podejmuje decyzj\u0119 wybieraj\u0105c model w \u00a0oparciu o w\u0142asne upodobania kieruj\u0105c si\u0119\u00a0np. wyposa\u017ceniem element\u00f3w regulacyjnych, sposobem monta\u017cu w poje\u017adzie,\u0142atwo\u015bci\u0105\u00a0obs\u0142ugi, wielko\u015bci\u0105 \u00a0obudowy ,wygl\u0105du panelu ,cen\u0105 &#8230;. \u00a0itd.<\/p>\n<p><!-- \/wp:paragraph --><\/p>\n<p><!-- wp:paragraph --><\/p>\n<p>Jednocze\u015bnie wyst\u0119puje wiele zale\u017cno\u015bci ,kt\u00f3re wykluczaj\u0105 poprawna prac\u0119\u00a0np. z niekt\u00f3rymi antenami czy w niekt\u00f3rych pojazdach.<\/p>\n<p><!-- \/wp:paragraph --><\/p>\n<p><!-- wp:paragraph --><\/p>\n<p><em>Po wybraniu modelu nastepuje sprawdzenie przy pomocy przyrz\u0105d\u00f3w : odporno\u015bci na\u00a0zak\u0142\u00f3canie tego\u017c pojazdu zar\u00f3wno w torze odbiorczym jak i w torze nadawczym.\u00a0Je\u015bli nie przechodzi tego testu pozytywnie &#8211; niestety szukamy nast\u0119pnego modelu a\u017c\u00a0do osi\u0105gniecia poprawnej pracy.<\/em><\/p>\n<p><!-- \/wp:paragraph --><\/p>\n<p><!-- wp:paragraph --><\/p>\n<p>W ofercie posiadamy oko\u0142o 40-stu modeli Cb Radio wybrane przez nas pod wzgl\u0119dem\u00a0poprawnej i niezawodnej pracy. Niestety by\u0142o du\u017co modeli nowo wprowadzanych przez\u00a0importer\u00f3w &#8211; kt\u00f3re wycofali\u015bmy z naszej oferty po sprzeda\u017cy kilkunastu sztuk.<\/p>\n<p><!-- \/wp:paragraph --><\/p>\n<p><!-- wp:heading {\"textAlign\":\"center\",\"level\":3} --><\/p>\n<h3 class=\"has-text-align-center\"><strong>TYLKO POPRAWNIE DOBRANY ZESTAW <\/strong><br \/><strong>zdecydowanie daje przyjemno\u015b\u0107 w trakcie u\u017cytkowania.<\/strong><\/h3>\n<p><!-- \/wp:heading --><\/p>\n<p><!-- wp:paragraph --><\/p>\n<p><!-- \/wp:paragraph --><\/p><\/div>\n\t\t\t\t<\/div>\n\t\t\t\t<\/div>\n\t\t\t\t\t\t<\/div>\n\t\t\t\t\t<\/div>\n\t\t<\/div>\n\t\t\t\t\t\t\t\t<\/div>\n\t\t\t\t\t<\/div>\n\t\t<\/section>\n\t\t\t\t\t\t<\/div>\n\t\t\t\t\t\t<\/div>\n\t\t\t\t\t<\/div>\n\t\t","protected":false},"excerpt":{"rendered":"<p>Aby prawid\u0142owo dobra\u0107 &#8220;zestaw CB&#8221; nale\u017cy postara\u0107 si\u0119 zrozumie\u0107 zasad\u0119 pracy w poje\u017adzie. Zestaw taki to: transceiver (radio cb) + \u00a0antena + \u00a0samoch\u00f3d!!! Szczeg\u00f3lnie k\u0142adziemy nacisk na &#8220;samoch\u00f3d&#8220;. Nieraz przed zakupem klienci przegl\u0105daj\u0105 fora staraj\u0105c dowiedzie\u0107 si\u0119 jakie modele anten i radii s\u0105 polecane . Na pytanie czy model \u00a0XYZ jest dobry &#8211; jedni polecaj\u0105 [&hellip;]<\/p>\n","protected":false},"author":1,"featured_media":0,"parent":0,"menu_order":0,"comment_status":"closed","ping_status":"closed","template":"","meta":[],"_links":{"self":[{"href":"http:\/\/www.cbradio-carlos.com\/index.php?rest_route=\/wp\/v2\/pages\/197"}],"collection":[{"href":"http:\/\/www.cbradio-carlos.com\/index.php?rest_route=\/wp\/v2\/pages"}],"about":[{"href":"http:\/\/www.cbradio-carlos.com\/index.php?rest_route=\/wp\/v2\/types\/page"}],"author":[{"embeddable":true,"href":"http:\/\/www.cbradio-carlos.com\/index.php?rest_route=\/wp\/v2\/users\/1"}],"replies":[{"embeddable":true,"href":"http:\/\/www.cbradio-carlos.com\/index.php?rest_route=%2Fwp%2Fv2%2Fcomments&post=197"}],"version-history":[{"count":6,"href":"http:\/\/www.cbradio-carlos.com\/index.php?rest_route=\/wp\/v2\/pages\/197\/revisions"}],"predecessor-version":[{"id":214,"href":"http:\/\/www.cbradio-carlos.com\/index.php?rest_route=\/wp\/v2\/pages\/197\/revisions\/214"}],"wp:attachment":[{"href":"http:\/\/www.cbradio-carlos.com\/index.php?rest_route=%2Fwp%2Fv2%2Fmedia&parent=197"}],"curies":[{"name":"wp","href":"https:\/\/api.w.org\/{rel}","templated":true}]}}