{"id":199,"date":"2020-12-24T12:07:35","date_gmt":"2020-12-24T11:07:35","guid":{"rendered":"http:\/\/www.cbradio-carlos.com\/?page_id=199"},"modified":"2020-12-24T12:07:36","modified_gmt":"2020-12-24T11:07:36","slug":"cb-radio","status":"publish","type":"page","link":"http:\/\/www.cbradio-carlos.com\/?page_id=199","title":{"rendered":"CB-Radio"},"content":{"rendered":"\n<h3>Firma CARLOS zajmuje si\u0119 kompleksowo dziedzin\u0105 <strong>CB-Radio<\/strong><\/h3>\n\n\n\n<p>Nasi klienci pozostaj\u0105 z nami od wielu lat , u\u017cytkowanie CB&nbsp; na co dzie\u0144 powoduj\u0119 z czasem drobne usterki uniemo\u017cliwiaj\u0105ce poprawn\u0105 prac\u0119,&nbsp;dlatego tak wa\u017cna jest mo\u017cliwo\u015b\u0107 \u0142atwego dost\u0119pu do diagnostyki sprz\u0119tu&nbsp;bez wymontowywania jego z samochodu. Dzieje si\u0119 to od r\u0119ki w siedzibie&nbsp;firmy. Doceniaj\u0105 t\u0105 \u0142atwo\u015b\u0107 i skuteczno\u015b\u0107 r\u00f3wnie\u017c u\u017cytkownicy sprz\u0119tu nie z naszej&nbsp;dystrybucji. Mile widziani s\u0105&nbsp; wszyscy klienci.<\/p>\n\n\n\n<p>Dobieramy zestawy CB i montujemy we wszystkich rodzajach pojazd\u00f3w.<\/p>\n\n\n\n<p>Jednocze\u015bnie sprzedany sprz\u0119t CB podlega gwarancji realizowanej w Naszym SERWISIE.<\/p>\n\n\n\n<p>Prowadzimy SERWIS wszystkich radiotelefon\u00f3w oraz napraw\u0119 i konserwacj\u0119 anten.<\/p>\n\n\n\n<h4>W ofercie wystepuj\u0105 :<\/h4>\n\n\n\n<p>&#8211; cb radia (certyfikaty CE)<br>&#8211; anteny magnesowe<br>&#8211; anteny monta\u017cowe<br>&#8211; uchwyty do monta\u017cu anten \u2013 r\u00f3zne wersje monta\u017cu<br>&#8211; podk\u0142adki pod anteny &#8211; gumowe, magnetyczna oraz z folii bezbarwnej<br>&#8211; mikrofony &#8211; r\u00f3wnie\u017c ze wzmocnieniem i echem<br>&#8211; podstawy magnesowe<br>&#8211; przetwornice 24-12V<br>&#8211; przetwornice i reduktory napi\u0119cia<br>&#8211; kable do monta\u017cu cb (przygotowywane pod zadane d\u0142ugo\u015bci)<br>&#8211; g\u0142\u00f3wki antenowe PL \/ DV \u2013 w r\u00f3\u017cnych odmianach monta\u017cowych<br>&#8211; wtyki, przej\u015bci\u00f3wki ,konektory o r\u00f3\u017cnych standartach<\/p>\n\n\n\n<p>-kamery BLACK BOX&nbsp; &#8211; rejestratory trasy video<\/p>\n\n\n\n<p>&#8211; nawigacje GPS oraz osprz\u0119t do nich.<\/p>\n","protected":false},"excerpt":{"rendered":"<p>Firma CARLOS zajmuje si\u0119 kompleksowo dziedzin\u0105 CB-Radio Nasi klienci pozostaj\u0105 z nami od wielu lat , u\u017cytkowanie CB&nbsp; na co dzie\u0144 powoduj\u0119 z czasem drobne usterki uniemo\u017cliwiaj\u0105ce poprawn\u0105 prac\u0119,&nbsp;dlatego tak wa\u017cna jest mo\u017cliwo\u015b\u0107 \u0142atwego dost\u0119pu do diagnostyki sprz\u0119tu&nbsp;bez wymontowywania jego z samochodu. Dzieje si\u0119 to od r\u0119ki w siedzibie&nbsp;firmy. Doceniaj\u0105 t\u0105 \u0142atwo\u015b\u0107 i skuteczno\u015b\u0107 r\u00f3wnie\u017c [&hellip;]<\/p>\n","protected":false},"author":1,"featured_media":0,"parent":0,"menu_order":0,"comment_status":"closed","ping_status":"closed","template":"","meta":[],"_links":{"self":[{"href":"http:\/\/www.cbradio-carlos.com\/index.php?rest_route=\/wp\/v2\/pages\/199"}],"collection":[{"href":"http:\/\/www.cbradio-carlos.com\/index.php?rest_route=\/wp\/v2\/pages"}],"about":[{"href":"http:\/\/www.cbradio-carlos.com\/index.php?rest_route=\/wp\/v2\/types\/page"}],"author":[{"embeddable":true,"href":"http:\/\/www.cbradio-carlos.com\/index.php?rest_route=\/wp\/v2\/users\/1"}],"replies":[{"embeddable":true,"href":"http:\/\/www.cbradio-carlos.com\/index.php?rest_route=%2Fwp%2Fv2%2Fcomments&post=199"}],"version-history":[{"count":2,"href":"http:\/\/www.cbradio-carlos.com\/index.php?rest_route=\/wp\/v2\/pages\/199\/revisions"}],"predecessor-version":[{"id":216,"href":"http:\/\/www.cbradio-carlos.com\/index.php?rest_route=\/wp\/v2\/pages\/199\/revisions\/216"}],"wp:attachment":[{"href":"http:\/\/www.cbradio-carlos.com\/index.php?rest_route=%2Fwp%2Fv2%2Fmedia&parent=199"}],"curies":[{"name":"wp","href":"https:\/\/api.w.org\/{rel}","templated":true}]}}