{"id":201,"date":"2020-12-24T12:09:21","date_gmt":"2020-12-24T11:09:21","guid":{"rendered":"http:\/\/www.cbradio-carlos.com\/?page_id=201"},"modified":"2020-12-24T12:09:43","modified_gmt":"2020-12-24T11:09:43","slug":"cb-radio-serwis","status":"publish","type":"page","link":"http:\/\/www.cbradio-carlos.com\/?page_id=201","title":{"rendered":"CB-Radio &#8211; serwis"},"content":{"rendered":"\n<h4>Serwis radiotelefon\u00f3w CB-Radio wszystkie marki ,przewo\u017ane,przeno\u015bne\u00a0oraz stacjonarne. Pos\u0142ugujemy si\u0119 zawansowanym sprz\u0119tem diagnostycznym,\u00a0pozwalajacym na wstepn\u0105 ocen\u0119 awarii bez demonta\u017cu z samochodu.<\/h4>\n\n\n\n<p>Przed napraw\u0105 dokonujemy wstepnej wyceny. Wystawiamy FAKTURY VAT.<\/p>\n\n\n\n<p>&#8211; Regulacje i przestrajanie &nbsp;urzadze\u0144 z innych standart\u00f3w.<\/p>\n\n\n\n<p>&#8211; Serwis &#8211; konserwacja,wymiana kabli oraz strojenie anten r\u00f3\u017cnych marek.<\/p>\n\n\n\n<p>&#8211; Serwis kr\u00f3tkofal\u00f3wek PMR UHF,VHF &nbsp;us\u0142uga \u015bwiadczona szczeg\u00f3lnie dla firm&nbsp;i korporacji &nbsp;w sektorach wykorzystujacych radiotelefony r\u0119czne.<\/p>\n\n\n\n<p>&#8211; Serwis &nbsp;\u0142adowarek , mikrofon\u00f3w, okablowania<\/p>\n\n\n\n<p>&#8211; Serwis mikrofon\u00f3w r\u0119cznych<\/p>\n\n\n\n<p>* wszystkie naprawy dokonywane s\u0105 na miejscu z gwarancj\u0105 na us\u0142ug\u0119.<\/p>\n\n\n\n<p><\/p>\n\n\n\n<h3 class=\"has-text-align-center\"><strong>GWARANTUJEMY<\/strong> &#8230;<\/h3>\n\n\n\n<p class=\"has-text-align-center\">wsparcie techniczne, fachowe doradztwo i pomoc w doborze optymalnych rozwi\u0105za\u0144 zar\u00f3wno dla potrzeb Klienta indywidualnego jak r\u00f3wnie\u017c dzia\u0142alno\u015bci firmowej i korporacyjnej.<\/p>\n","protected":false},"excerpt":{"rendered":"<p>Serwis radiotelefon\u00f3w CB-Radio wszystkie marki ,przewo\u017ane,przeno\u015bne\u00a0oraz stacjonarne. Pos\u0142ugujemy si\u0119 zawansowanym sprz\u0119tem diagnostycznym,\u00a0pozwalajacym na wstepn\u0105 ocen\u0119 awarii bez demonta\u017cu z samochodu. Przed napraw\u0105 dokonujemy wstepnej wyceny. Wystawiamy FAKTURY VAT. &#8211; Regulacje i przestrajanie &nbsp;urzadze\u0144 z innych standart\u00f3w. &#8211; Serwis &#8211; konserwacja,wymiana kabli oraz strojenie anten r\u00f3\u017cnych marek. &#8211; Serwis kr\u00f3tkofal\u00f3wek PMR UHF,VHF &nbsp;us\u0142uga \u015bwiadczona szczeg\u00f3lnie dla [&hellip;]<\/p>\n","protected":false},"author":1,"featured_media":0,"parent":0,"menu_order":0,"comment_status":"closed","ping_status":"closed","template":"","meta":[],"_links":{"self":[{"href":"http:\/\/www.cbradio-carlos.com\/index.php?rest_route=\/wp\/v2\/pages\/201"}],"collection":[{"href":"http:\/\/www.cbradio-carlos.com\/index.php?rest_route=\/wp\/v2\/pages"}],"about":[{"href":"http:\/\/www.cbradio-carlos.com\/index.php?rest_route=\/wp\/v2\/types\/page"}],"author":[{"embeddable":true,"href":"http:\/\/www.cbradio-carlos.com\/index.php?rest_route=\/wp\/v2\/users\/1"}],"replies":[{"embeddable":true,"href":"http:\/\/www.cbradio-carlos.com\/index.php?rest_route=%2Fwp%2Fv2%2Fcomments&post=201"}],"version-history":[{"count":2,"href":"http:\/\/www.cbradio-carlos.com\/index.php?rest_route=\/wp\/v2\/pages\/201\/revisions"}],"predecessor-version":[{"id":218,"href":"http:\/\/www.cbradio-carlos.com\/index.php?rest_route=\/wp\/v2\/pages\/201\/revisions\/218"}],"wp:attachment":[{"href":"http:\/\/www.cbradio-carlos.com\/index.php?rest_route=%2Fwp%2Fv2%2Fmedia&parent=201"}],"curies":[{"name":"wp","href":"https:\/\/api.w.org\/{rel}","templated":true}]}}