{"id":206,"date":"2020-12-24T12:12:35","date_gmt":"2020-12-24T11:12:35","guid":{"rendered":"http:\/\/www.cbradio-carlos.com\/?page_id=206"},"modified":"2020-12-24T12:26:41","modified_gmt":"2020-12-24T11:26:41","slug":"kluczyki-samochodowe-2","status":"publish","type":"page","link":"http:\/\/www.cbradio-carlos.com\/?page_id=206","title":{"rendered":"Kluczyki samochodowe"},"content":{"rendered":"\n<p>Nasza firma zajmuje si\u0119 dorabianiem i kodowaniem kluczy do samochod\u00f3w, skuter\u00f3w, motocykli ,maszyn budowlanych i rolniczych.<\/p>\n\n\n\n<p>Wykonujemy klucze z transponderem w wersji podstawowej oraz z pilotem.<\/p>\n\n\n\n<p>Dokonujemy napraw, regeneracji oraz programowania uszkodzonych pilot\u00f3w&nbsp;steruj\u0105cych centralnym zamkiem, bramowych , alarm\u00f3w samochodowych i innych&#8230;<\/p>\n\n\n\n<p>Orientacyjny cennik wykonania us\u0142ugi dorobienia i zakodowania klucza wraz z transponderem:<\/p>\n\n\n\n<p>Dorobienie klucza z immobiliserem sta\u0142okodowym <strong>120.oo,<\/strong>&#8211; do <strong>150.oo<\/strong><br>Dorobienie klucza z immobiliserem TEXAS (4C) <strong>160.oo,-<\/strong><br>Dorobienie klucza z immobiliserem ID 41, 42, 44, 45 <strong>180.oo,-<\/strong><br>Dorobienie klucza z immobiliserem TEXAS CRYPTO (4D) TPX2 <strong>200.oo,-<\/strong><br>Dorobienie klucza z immobiliserem ID 40 (OPEL) <strong>200.oo,-<\/strong><br>Dorobienie klucza z immobiliserem MEGAMOS CRYPTO (48) <strong>200.oo,-<\/strong><br>Dorobienie klucza z immobiliserem ID 46 (crypto) <strong>250.oo,-<\/strong><\/p>\n\n\n\n<p>Szczeg\u00f3\u0142owa wycena wg modelu auta &#8211; zadzwo\u0144 lub napisz.<\/p>\n\n\n\n<figure class=\"wp-block-gallery columns-2 is-cropped\"><ul class=\"blocks-gallery-grid\"><li class=\"blocks-gallery-item\"><figure><img loading=\"lazy\" width=\"454\" height=\"340\" src=\"http:\/\/www.cbradio-carlos.com\/wp-content\/uploads\/2020\/12\/kluczyki-1.jpg\" alt=\"\" data-id=\"234\" data-full-url=\"http:\/\/www.cbradio-carlos.com\/wp-content\/uploads\/2020\/12\/kluczyki-1.jpg\" data-link=\"http:\/\/www.cbradio-carlos.com\/?attachment_id=234\" class=\"wp-image-234\" srcset=\"http:\/\/www.cbradio-carlos.com\/wp-content\/uploads\/2020\/12\/kluczyki-1.jpg 454w, http:\/\/www.cbradio-carlos.com\/wp-content\/uploads\/2020\/12\/kluczyki-1-300x225.jpg 300w\" sizes=\"(max-width: 454px) 100vw, 454px\" \/><\/figure><\/li><li class=\"blocks-gallery-item\"><figure><img loading=\"lazy\" width=\"768\" height=\"576\" src=\"http:\/\/www.cbradio-carlos.com\/wp-content\/uploads\/2020\/12\/kluczyki-2.jpg\" alt=\"\" data-id=\"235\" data-full-url=\"http:\/\/www.cbradio-carlos.com\/wp-content\/uploads\/2020\/12\/kluczyki-2.jpg\" data-link=\"http:\/\/www.cbradio-carlos.com\/?attachment_id=235\" class=\"wp-image-235\" srcset=\"http:\/\/www.cbradio-carlos.com\/wp-content\/uploads\/2020\/12\/kluczyki-2.jpg 768w, http:\/\/www.cbradio-carlos.com\/wp-content\/uploads\/2020\/12\/kluczyki-2-300x225.jpg 300w, http:\/\/www.cbradio-carlos.com\/wp-content\/uploads\/2020\/12\/kluczyki-2-655x491.jpg 655w, http:\/\/www.cbradio-carlos.com\/wp-content\/uploads\/2020\/12\/kluczyki-2-600x450.jpg 600w\" sizes=\"(max-width: 768px) 100vw, 768px\" \/><\/figure><\/li><\/ul><\/figure>\n\n\n\n<p><\/p>\n","protected":false},"excerpt":{"rendered":"<p>Nasza firma zajmuje si\u0119 dorabianiem i kodowaniem kluczy do samochod\u00f3w, skuter\u00f3w, motocykli ,maszyn budowlanych i rolniczych. Wykonujemy klucze z transponderem w wersji podstawowej oraz z pilotem. Dokonujemy napraw, regeneracji oraz programowania uszkodzonych pilot\u00f3w&nbsp;steruj\u0105cych centralnym zamkiem, bramowych , alarm\u00f3w samochodowych i innych&#8230; Orientacyjny cennik wykonania us\u0142ugi dorobienia i zakodowania klucza wraz z transponderem: Dorobienie klucza z [&hellip;]<\/p>\n","protected":false},"author":1,"featured_media":0,"parent":0,"menu_order":0,"comment_status":"closed","ping_status":"closed","template":"","meta":[],"_links":{"self":[{"href":"http:\/\/www.cbradio-carlos.com\/index.php?rest_route=\/wp\/v2\/pages\/206"}],"collection":[{"href":"http:\/\/www.cbradio-carlos.com\/index.php?rest_route=\/wp\/v2\/pages"}],"about":[{"href":"http:\/\/www.cbradio-carlos.com\/index.php?rest_route=\/wp\/v2\/types\/page"}],"author":[{"embeddable":true,"href":"http:\/\/www.cbradio-carlos.com\/index.php?rest_route=\/wp\/v2\/users\/1"}],"replies":[{"embeddable":true,"href":"http:\/\/www.cbradio-carlos.com\/index.php?rest_route=%2Fwp%2Fv2%2Fcomments&post=206"}],"version-history":[{"count":3,"href":"http:\/\/www.cbradio-carlos.com\/index.php?rest_route=\/wp\/v2\/pages\/206\/revisions"}],"predecessor-version":[{"id":236,"href":"http:\/\/www.cbradio-carlos.com\/index.php?rest_route=\/wp\/v2\/pages\/206\/revisions\/236"}],"wp:attachment":[{"href":"http:\/\/www.cbradio-carlos.com\/index.php?rest_route=%2Fwp%2Fv2%2Fmedia&parent=206"}],"curies":[{"name":"wp","href":"https:\/\/api.w.org\/{rel}","templated":true}]}}