{"id":208,"date":"2020-12-24T12:20:29","date_gmt":"2020-12-24T11:20:29","guid":{"rendered":"http:\/\/www.cbradio-carlos.com\/?page_id=208"},"modified":"2020-12-24T12:20:30","modified_gmt":"2020-12-24T11:20:30","slug":"lacznosc-dla-firm-pmr-krotkofalowki-2","status":"publish","type":"page","link":"http:\/\/www.cbradio-carlos.com\/?page_id=208","title":{"rendered":"\u0141\u0105czno\u015b\u0107 dla firm .: PMR &#8211; kr\u00f3tkofal\u00f3wki :."},"content":{"rendered":"\n<p>Do u\u017cytkowania w dzia\u0142alno\u015bci gospodarczej &nbsp;<\/p>\n\n\n\n<ul><li>budownictwo<\/li><li>geodezja<\/li><li>d\u017awigi (stocznie)<\/li><li>ochrona<\/li><li>imprezy masowe<\/li><li>wyjazdy, pinball i pozosta\u0142e prywatne potrzeby u\u017cytkownik\u00f3w potrzebuj\u0105cych \u0142\u0105czno\u015bci.<\/li><\/ul>\n\n\n\n<p><em><strong>W wypadku d\u017awig\u00f3w i budownictwa wysokiego &#8211; programujemy indywidualnie kody, aby wykluczy\u0107 nak\u0142adanie si\u0119 transmisji od wsp\u00f3\u0142u\u017cytkownik\u00f3w.<\/strong><\/em><\/p>\n\n\n\n<p>Radiotelefony bez zezwole\u0144 oraz programowane do sieci wymagajacych pozwolenia radiowego.<\/p>\n\n\n\n<p>Gwarancja na sprz\u0119t jest realizowana bardzo szybko i na miejscu w naszym serwisie. Naprawiamy r\u00f3wnie\u017c radiotelefony innych marek:<\/p>\n\n\n\n<ul><li>Motorola<\/li><li>HYT<\/li><li>Icom<\/li><li>Kenwood<\/li><\/ul>\n\n\n\n<p>Poni\u017cej zdj\u0119cia niekt\u00f3rych z szerokiej oferty sprz\u0119tu dost\u0119pne od r\u0119ki w sklepie.<\/p>\n\n\n\n<figure class=\"wp-block-image size-large is-style-rounded\"><img loading=\"lazy\" width=\"367\" height=\"497\" src=\"http:\/\/www.cbradio-carlos.com\/wp-content\/uploads\/2020\/12\/INTEK-1.jpg\" alt=\"\" class=\"wp-image-174\" srcset=\"http:\/\/www.cbradio-carlos.com\/wp-content\/uploads\/2020\/12\/INTEK-1.jpg 367w, http:\/\/www.cbradio-carlos.com\/wp-content\/uploads\/2020\/12\/INTEK-1-222x300.jpg 222w, http:\/\/www.cbradio-carlos.com\/wp-content\/uploads\/2020\/12\/INTEK-1-363x491.jpg 363w\" sizes=\"(max-width: 367px) 100vw, 367px\" \/><\/figure>\n\n\n\n<h6>Radiotelefon PMR MT-446 ET <br>&#8211; 16 kana\u0142\u00f3w, moc 0.5W akumulator 1800 mAh Li-Ion. Radiotelefon profesjonalny. Programowany*. Nie wymaga Pozwolenia Radiowego i op\u0142at. Gwarancja 2 lata. Wersja eksportowa (*4W) Zastosowanie specjalnego rozwi\u0105zania odn. czu\u0142o\u015bci odbiornika zapewnia du\u017ce zasi\u0119gi pracy radiotelefonu.<\/h6>\n\n\n\n<p>Zakres pracy: pasmo PMR 446 MHz&nbsp; 446.00625-446.09375 MHz<br>Zasilanie: akumulator 7.2V Li-Ion 1800mAh<br>Zakres temperatury pracy: -20 do +55 st. Celsjusza<br>Wymiary: 58x120x35 mm<br>Waga: 240 g (z akumulatorem)<br>\u015aredni czas pracy na baterii: 12 &nbsp;godzin<br>Krok: 12,5 kHz<br>Moc: 500mW PMR<br>Moc audio: 500 mW<\/p>\n\n\n\n<figure class=\"wp-block-image size-large\"><img loading=\"lazy\" width=\"300\" height=\"300\" src=\"http:\/\/www.cbradio-carlos.com\/wp-content\/uploads\/2020\/12\/intek3-300x300-1.png\" alt=\"\" class=\"wp-image-188\" srcset=\"http:\/\/www.cbradio-carlos.com\/wp-content\/uploads\/2020\/12\/intek3-300x300-1.png 300w, http:\/\/www.cbradio-carlos.com\/wp-content\/uploads\/2020\/12\/intek3-300x300-1-150x150.png 150w, http:\/\/www.cbradio-carlos.com\/wp-content\/uploads\/2020\/12\/intek3-300x300-1-178x179.png 178w, http:\/\/www.cbradio-carlos.com\/wp-content\/uploads\/2020\/12\/intek3-300x300-1-63x63.png 63w, http:\/\/www.cbradio-carlos.com\/wp-content\/uploads\/2020\/12\/intek3-300x300-1-100x100.png 100w\" sizes=\"(max-width: 300px) 100vw, 300px\" \/><\/figure>\n\n\n\n<p>Nowo\u015b\u0107 INTEK&#8221;a . Nast\u0119pca modeli EX i ET w zminiejszonej obudowie i uproszczonym oprogramowaniem oraz pakiem 1500 mAh Li-Ion. Profesjonalny r\u0119czny radiotelefon 16 kana\u0142\u00f3w PMR&nbsp; 0.5W (* 4W wersja eksportowa) . Posiada aluminiowy korpus i mocn\u0105 obudow\u0119. Wysoka czu\u0142o\u015b\u0107 odbiornika decyduje o du\u017cym zasi\u0119gu pracy radia. Prosta obs\u0142uga. Nadaje si\u0119 szczeg\u00f3lnie do u\u017cytku profesjonalnego i biznesowego. Programowalny na PC za pomoc\u0105 kabla. Posiada kody CTCSS, kody DCS, funkcj\u0119&nbsp; TOT &#8211; ograniczenia czasu nadawania, SCAN &#8211; automatycznego przs\u0142uchiwania kana\u0142\u00f3w, Saving &#8211; tryb oszcz\u0119dzania baterii. Monitor -ods\u0142uch kana\u0142u bez blokady. Kroploszczelny. Gumowa elastyczna zintegrowana antena. Gwarancja 2 lata.<\/p>\n\n\n\n<figure class=\"wp-block-image size-large\"><img loading=\"lazy\" width=\"945\" height=\"945\" src=\"http:\/\/www.cbradio-carlos.com\/wp-content\/uploads\/2020\/12\/intek2.png\" alt=\"\" class=\"wp-image-186\" srcset=\"http:\/\/www.cbradio-carlos.com\/wp-content\/uploads\/2020\/12\/intek2.png 945w, http:\/\/www.cbradio-carlos.com\/wp-content\/uploads\/2020\/12\/intek2-300x300.png 300w, http:\/\/www.cbradio-carlos.com\/wp-content\/uploads\/2020\/12\/intek2-150x150.png 150w, http:\/\/www.cbradio-carlos.com\/wp-content\/uploads\/2020\/12\/intek2-768x768.png 768w, http:\/\/www.cbradio-carlos.com\/wp-content\/uploads\/2020\/12\/intek2-491x491.png 491w, http:\/\/www.cbradio-carlos.com\/wp-content\/uploads\/2020\/12\/intek2-390x390.png 390w, http:\/\/www.cbradio-carlos.com\/wp-content\/uploads\/2020\/12\/intek2-370x370.png 370w, http:\/\/www.cbradio-carlos.com\/wp-content\/uploads\/2020\/12\/intek2-178x179.png 178w, http:\/\/www.cbradio-carlos.com\/wp-content\/uploads\/2020\/12\/intek2-63x63.png 63w, http:\/\/www.cbradio-carlos.com\/wp-content\/uploads\/2020\/12\/intek2-600x600.png 600w, http:\/\/www.cbradio-carlos.com\/wp-content\/uploads\/2020\/12\/intek2-100x100.png 100w\" sizes=\"(max-width: 945px) 100vw, 945px\" \/><\/figure>\n\n\n\n<p><strong>Ulepszona wersja modelu MT446XPS (ES). Akumulator Li-Polimer 2500 mAh! <\/strong>Radiotelefon typu heavy duty. Radiotelefon PMR MT-446W10 ma 16 kana\u0142\u00f3w, moc 0.5W. Radiotelefon profesjonalny. Programowany*(kabel KSPL-09**). Nie wymaga Pozwolenia Radiowego i op\u0142at w zakresie PMR. Gwarancja 2 lata. Rekomendowany do prac &#8220;ci\u0119\u017ckich&#8221; posiada bradzo mocna obudow\u0119.<\/p>\n\n\n\n<p>Radiotelefon PMR446 dost\u0119pny w kolorze szaro czarnym z wbudowan\u0105 anten\u0105. Pod\u015bwietlany wy\u015bwietlacz LCD ze wskazuje numer kana\u0142u i kod CTCSS, poziom na\u0142adowania akumulatora.38 kod\u00f3w CTCSS , VOX, Monitor, 5 melodi wywo\u0142ania, blokada klawiatury, &nbsp;SCAN, Dual Watch, d\u017awi\u0119k klawiatury i Roger Beep. Stoper. Cyfrowa regulacja g\u0142o\u015bno\u015bci (8 poziom\u00f3w).<\/p>\n\n\n\n<p><strong>ZESTAW x 2 PMR446 8 KANA\u0141\u00d3W&nbsp;&nbsp; UHF FM WALKIE-TALKIES<br>PMR 446 MHz<br>MOC 0.5W \/ 10mW<br>NIEZATAPIALNY + WODOODPORNY<br>ODPORNY NA ZALANIE DO 1 METRA G\u0141\u0118BOKO\u015aCI PRZEZ 1 GODZIN\u0118 ( IP67 )<\/strong><\/p>\n\n\n\n<p>Profesjonalny radiotelefon 8 kana\u0142\u00f3w PMR. Aluminiowy korpus radiotelefonu programowalny (z opcjonalnym kablem ) lub bezpo\u015brednio z klawiatury. Nadajnik MOSFET, CTCSS, DCS, Time Out Timer, Auto Scan kana\u0142 priorytetowy, VOX, Clone Wire, funkcja Ani, mo\u017cliwe wprowadzanie nazw kana\u0142\u00f3w, Busy Lockout Channel. Funkcja Scrambler (z wyj\u0105tkiem mod. HT-446S). Kroplo odporny.<\/p>\n\n\n\n<p><strong>Specyfikacja :<\/strong><\/p>\n\n\n\n<p>&gt; Scrambler \u2013 kodowanie mowy+ Kompander<br>&gt; 8 kana\u0142\u00f3w PMR (mo\u017cna zaprogramowa\u0107 199 kana\u0142\u00f3w)&nbsp;<br>&gt; Moc 0.5W (PMR446)&nbsp;<br>&gt; ANI &#8211; Funkcja identyfikuj\u0105ca nadawc\u0119 i odbiorc\u0119<br>&gt; 199 kana\u0142\u00f3w<br>&gt; 50 ton\u00f3w CTCSS \/ 106 ton\u00f3w DCS&nbsp;<br>&gt; Klonowanie kana\u0142u<br>&gt; Alarm<br>&gt; VOX 10 poziom\u00f3w \u2013 nadawanie bez u\u017cycia r\u0105k&nbsp;<br>&gt; Alarm niskiego poziomu baterii<br>&gt; SCAN &#8211; funkcja przes\u0142uchiwania wszystkich kana\u0142\u00f3w<br>&gt; Kana\u0142 priorytetowy<br>&gt; Regulacja mocy nadawania Hi-Low&nbsp;<br>&gt; Ost\u0119p mi\u0119dzy kana\u0142owy Szeroki \/ w\u0105ski&nbsp;<br>&gt; TOT \u2013 ograniczenie czasu nadawania&nbsp;<br>&gt; Power Save,&nbsp;<br>&gt; Edytowalne nazwy kana\u0142\u00f3w&nbsp;<br>&gt; Regulowana blokada szum\u00f3w 9 poziom\u00f3w<br>&gt; Programowalny&nbsp;<br>&gt; nadajnik MOSFET<\/p>\n","protected":false},"excerpt":{"rendered":"<p>Do u\u017cytkowania w dzia\u0142alno\u015bci gospodarczej &nbsp; budownictwo geodezja d\u017awigi (stocznie) ochrona imprezy masowe wyjazdy, pinball i pozosta\u0142e prywatne potrzeby u\u017cytkownik\u00f3w potrzebuj\u0105cych \u0142\u0105czno\u015bci. W wypadku d\u017awig\u00f3w i budownictwa wysokiego &#8211; programujemy indywidualnie kody, aby wykluczy\u0107 nak\u0142adanie si\u0119 transmisji od wsp\u00f3\u0142u\u017cytkownik\u00f3w. Radiotelefony bez zezwole\u0144 oraz programowane do sieci wymagajacych pozwolenia radiowego. Gwarancja na sprz\u0119t jest realizowana bardzo [&hellip;]<\/p>\n","protected":false},"author":1,"featured_media":0,"parent":0,"menu_order":0,"comment_status":"closed","ping_status":"closed","template":"","meta":[],"_links":{"self":[{"href":"http:\/\/www.cbradio-carlos.com\/index.php?rest_route=\/wp\/v2\/pages\/208"}],"collection":[{"href":"http:\/\/www.cbradio-carlos.com\/index.php?rest_route=\/wp\/v2\/pages"}],"about":[{"href":"http:\/\/www.cbradio-carlos.com\/index.php?rest_route=\/wp\/v2\/types\/page"}],"author":[{"embeddable":true,"href":"http:\/\/www.cbradio-carlos.com\/index.php?rest_route=\/wp\/v2\/users\/1"}],"replies":[{"embeddable":true,"href":"http:\/\/www.cbradio-carlos.com\/index.php?rest_route=%2Fwp%2Fv2%2Fcomments&post=208"}],"version-history":[{"count":2,"href":"http:\/\/www.cbradio-carlos.com\/index.php?rest_route=\/wp\/v2\/pages\/208\/revisions"}],"predecessor-version":[{"id":224,"href":"http:\/\/www.cbradio-carlos.com\/index.php?rest_route=\/wp\/v2\/pages\/208\/revisions\/224"}],"wp:attachment":[{"href":"http:\/\/www.cbradio-carlos.com\/index.php?rest_route=%2Fwp%2Fv2%2Fmedia&parent=208"}],"curies":[{"name":"wp","href":"https:\/\/api.w.org\/{rel}","templated":true}]}}